{"id":3,"date":"2025-01-09T18:03:19","date_gmt":"2025-01-09T18:03:19","guid":{"rendered":"https:\/\/grupoanmada.com\/?page_id=3"},"modified":"2025-01-20T21:44:48","modified_gmt":"2025-01-20T21:44:48","slug":"privacy-policy","status":"publish","type":"page","link":"https:\/\/www.grupoanmada.com\/?page_id=3","title":{"rendered":"Pol\u00edtica de Privacidad"},"content":{"rendered":"\t\t<div data-elementor-type=\"wp-page\" data-elementor-id=\"3\" class=\"elementor elementor-3\">\n\t\t\t\t<div class=\"elementor-element elementor-element-48eb322 e-flex e-con-boxed e-con e-parent\" data-id=\"48eb322\" data-element_type=\"container\" data-e-type=\"container\">\n\t\t\t\t\t<div class=\"e-con-inner\">\n\t\t\r\n\t\t<div class=\"elementor-element elementor-element-6240dcd2 elementor-widget elementor-widget-text-editor\" data-id=\"6240dcd2\" data-element_type=\"widget\" data-e-type=\"widget\" data-widget_type=\"text-editor.default\">\n\t\t\t\t\t\t\t\t\t\n<p><b>ACUERDO DE CONFIDENCIALIDAD, NO DIVULGACI\u00d3N, RESERVA, RESGUARDO DE<\/b><\/p>\n\n\n\n<p>INFORMACI\u00d3N Y DATOS PERSONALES.<br \/>Monterrey, Nuevo Le\u00f3n a 17 de enero de 2025.<\/p>\n\n\n\n<p>El presente acuerdo lo celebran por una parte todo el personal que labora en<br \/>instalaciones de Grupo Empresarial Anmada, persona f\u00edsica con domicilio que labora<br \/>ubicado en, m\u00e1s no limitativo:<br \/>\uf0b7 Heberto Castillo Martinez N\u00ba 124, CP. 66367, Ciudad Santa Catarina,<br \/>Nuevo Le\u00f3n, M\u00e9xico.<br \/>\uf0b7 Km 12 Carretera Celaya Comonfort #1300, Ejido Soria, C.P. 38210 Tramo<br \/>Ejido Soria.<\/p>\n\n\n\n<p>Y por la otra Grupo Empresarial Anmada, empresa en la cual se encuentra<br \/>laborando con domicilio ubicado en:<br \/>Avenida L\u00e1zaro C\u00e1rdenas N\u00ba 318, Oficina 306. Col. Residencial San<br \/>Agust\u00edn, C.P. 66260, San Pedro Garza Garcia, Nuevo Le\u00f3n.<br \/>Las cuales en lo sucesivo ser\u00e1n referidas de manera conjunta como &#8220;las partes&#8221; y de<br \/>manera individual como &#8220;la parte&#8221;, quienes se reconocen expresa y rec\u00edprocamente<br \/>con capacidad plena para obligarse, y establecen lo siguiente:<br \/>D E F I N I C I O N E S<br \/>\uf0b7 POLITICA DE PRIVACIDAD: Explica trata los datos personales de sus<br \/>usuarios o empleados.\u00a0Tambi\u00e9n se le conoce como declaraci\u00f3n o aviso de<br \/>privacidad. Regularmente describen: C\u00f3mo se recopilan los datos, c\u00f3mo se<br \/>almacenan los datos, c\u00f3mo se utilizan los datos, c\u00f3mo se comparten los<br \/>datos, c\u00f3mo se protegen los datos, qu\u00e9 entidades tienen acceso a los datos,<br \/>para qu\u00e9 se utilizan los datos, cu\u00e1nto tiempo se conservan los datos.<br \/>Las pol\u00edticas de privacidad deben cumplir con la normativa legal vigente en el<br \/>lugar donde opera la empresa.<br \/>\uf0b7 INFORMACI\u00d3N CONFIDENCIAL: Se entender\u00e1 por informaci\u00f3n confidencial<br \/>toda informaci\u00f3n ya sea oral, impresa, o contenida en cualquier tipo de<br \/>documento, archivo, o medio que pueda almacenar informaci\u00f3n<br \/>independientemente de su naturaleza, respecto de los cuales, alguna de las<br \/>partes le otorgue el car\u00e1cter de confidencial.<br \/>\uf0b7 PARTE DIVULGANTE: Tendr\u00e1 el car\u00e1cter de &#8220;divulgante&#8221; cualquiera de las<br \/>partes que ponga a disposici\u00f3n de la otra informaci\u00f3n confidencial de su<br \/>propiedad, quien en todo momento conservar\u00e1 la titularidad de la informaci\u00f3n<br \/>que comparta.<br \/>\uf0b7 PARTE RECEPTORA: Tendr\u00e1 el car\u00e1cter de &#8220;receptor&#8221; cualquiera de las<br \/>partes que reciba a su resguardo informaci\u00f3n confidencial propiedad de la<br \/>parte divulgante, y se obliga a no hacerla del conocimiento de un tercero, bajo<br \/>pena de indemnizar a la parte divulgante en los t\u00e9rminos y condiciones que se<br \/>establecen en este convenio.<\/p>\n\n\n\n<p>\uf0b7 TERMINOS Y CONDICIONES: Tiene b\u00e1sicamente un conjunto de<br \/>disposiciones que un cliente \/ usuario debe aceptar para utilizar un servicio.<br \/>Esta pol\u00edtica debe cubrir todos los aspectos de la usabilidad de su sitio web \/<br \/>productos \/ servicios.<br \/>\uf0b7 RGPD: Reglamento General de Protecci\u00f3n de Datos.<\/p>\n\n\n\n<p>Con base en las declaraciones y definiciones anteriores, las partes se someten al<br \/>tenor de las siguientes:<\/p>\n\n\n\n<p>C L A U S U L A S<\/p>\n\n\n\n<p>PRIMERA. OBJETO DEL ACUERDO<br \/>El presente acuerdo se refiere a la informaci\u00f3n confidencial que compartir\u00e1n las<br \/>partes, sin que ninguna de ellas tome ventaja de la otra al recibir los datos o<br \/>procedimientos que sean clasificados como confidenciales en los t\u00e9rminos de este<br \/>convenio, a fin de colaborar en el desarrollo de la empresa:<br \/>Grupo Empresarial Anmada SA de CV, tanto para la administraci\u00f3n de la<br \/>misma como para terceras empresas administrados por usuarios de GEA<br \/>los cuales se comprometen a resguardar, mantener la confidencialidad y<br \/>no hacer mal uso de los documentos, expedientes, reportes, resoluciones,<br \/>oficios, acuerdos, contratos, convenios, archivos f\u00edsicos y\/o electr\u00f3nicos<br \/>de informaci\u00f3n estad\u00edsticas, sistemas inform\u00e1ticos propios y del cliente o<br \/>bien, cualquier otro registro o informaci\u00f3n del cliente, as\u00ed como a no<br \/>difundir, distribuir o comercializar con los datos contenidos en los<br \/>sistemas de informaci\u00f3n, desarrollados en la ejecuci\u00f3n del mismo.<br \/>Las partes convienen que toda la informaci\u00f3n que se revele entre ellas estar\u00e1<br \/>amparada por el deber de confidencialidad en t\u00e9rminos del presente acuerdo.<br \/>SEGUNDA. DEBER DE CONFIDENCIALIDAD<br \/>El receptor \u00fanicamente utilizar\u00e1 la informaci\u00f3n facilitada por el divulgante para los<br \/>fines relacionados con el proyecto mencionado, comprometi\u00e9ndose el receptor a<br \/>mantener la m\u00e1s estricta confidencialidad respecto de la informaci\u00f3n recibida,<br \/>advirtiendo del deber de confidencialidad y secreto a sus socios, consejeros,<br \/>representantes legales, empleados y a cualquier persona f\u00edsica o moral que, por su<br \/>relaci\u00f3n con el receptor, deba tener acceso a la informaci\u00f3n otorgada para el<br \/>correcto cumplimiento de las obligaciones del receptor para con el divulgante. En<br \/>este sentido, se entender\u00e1 que el receptor debe asegurarse que cada persona f\u00edsica<br \/>o moral que acceda a la informaci\u00f3n revelada por el divulgante se adhiera al<br \/>compromiso de confidencialidad establecido en el presente acuerdo.<br \/>El receptor y las personas mencionadas en el p\u00e1rrafo anterior no podr\u00e1n reproducir,<br \/>modificar, hacer p\u00fablica o divulgar a terceros la informaci\u00f3n objeto del presente<br \/>acuerdo sin previa autorizaci\u00f3n escrita y expresa del divulgante.<br \/>En caso de que el divulgante otorgue la autorizaci\u00f3n escrita para facilitar la<br \/>informaci\u00f3n a un tercero, se proceder\u00e1 de la siguiente forma:<\/p>\n\n\n\n<p>El divulgante firmar\u00e1 con el tercero un acuerdo de confidencialidad previamente a<br \/>que el receptor proporcione en todo o en parte la informaci\u00f3n confidencial al tercero,<br \/>para lo cual el receptor deber\u00e1 cerciorarse antes de divulgar la informaci\u00f3n, si<br \/>efectivamente el divulgante y el tercero firmaron el correspondiente acuerdo de<br \/>confidencialidad.<br \/>Adem\u00e1s de lo anterior, el receptor conviene en no celebrar con ninguna persona<br \/>f\u00edsica o moral, cualquier tipo de acuerdo, convenio, contrato, negociaci\u00f3n o asumir<br \/>obligaciones que est\u00e9n en conflicto con el presente acuerdo o que deriven o<br \/>impliquen el incumplimiento del mismo.<br \/>Asimismo, el receptor adoptar\u00e1 respecto de la informaci\u00f3n objeto de este acuerdo las<br \/>mismas medidas de seguridad que normalmente adoptar\u00eda respecto a la informaci\u00f3n<br \/>confidencial de sus propios negocios o intereses, evitando por todos los medios a su<br \/>alcance la p\u00e9rdida, robo o sustracci\u00f3n de la informaci\u00f3n compartida por el divulgante.<br \/>TERCERA. EXCEPCIONES A LA CONFIDENCIALIDAD<br \/>Sin perjuicio de lo estipulado en el presente acuerdo, ambas partes aceptan que la<br \/>obligaci\u00f3n de confidencialidad no se aplicar\u00e1 en los siguientes casos:<br \/>a) Cuando la informaci\u00f3n ya fuera del conocimiento del receptor con anterioridad<br \/>a la firma del presente acuerdo, sin la obligaci\u00f3n de guardar confidencialidad.<br \/>b) Cuando la informaci\u00f3n se encontrar\u00e1 en el dominio p\u00fablico en el momento de<br \/>ser facilitada al receptor o, una vez entregada la informaci\u00f3n, \u00e9sta acceda al<br \/>dominio p\u00fablico sin infracci\u00f3n alguna de las cl\u00e1usulas del presente acuerdo.<br \/>c) En caso de que el receptor pueda probar que la informaci\u00f3n fue desarrollada<br \/>o recibida leg\u00edtimamente de terceros, de forma totalmente independiente a su<br \/>relaci\u00f3n con el divulgante.<br \/>d) Cuando la legislaci\u00f3n vigente o un mandato judicial exija su divulgaci\u00f3n. En<br \/>ese caso, el receptor notificar\u00e1 al divulgante tal eventualidad y har\u00e1 todo lo<br \/>posible por garantizar que se d\u00e9 un tratamiento confidencial a la informaci\u00f3n.<br \/>CUARTA. PROPIEDAD DE LA INFORMACI\u00d3N<br \/>Los derechos de propiedad de la informaci\u00f3n objeto del presente acuerdo<br \/>pertenecen al divulgante y el hecho de facilitarla al receptor para el objeto<br \/>mencionado en la cl\u00e1usula primera no modifica tal situaci\u00f3n, lo cual implica que el<br \/>divulgante conservar\u00e1 para s\u00ed los derechos inherentes a la propiedad de la<br \/>informaci\u00f3n que se haga llegar al receptor.<br \/>En consecuencia, en ning\u00fan caso y por ning\u00fan motivo se entender\u00e1 que la<br \/>informaci\u00f3n confidencial compartida por alguna de las partes constituir\u00e1 una<br \/>copropiedad y el receptor reconoce que el hecho de que la parte divulgante le<br \/>comparta informaci\u00f3n confidencial no le otorga ning\u00fan derecho de licencia, patente o<br \/>propiedad intelectual sobre la misma, y que la revelaci\u00f3n de la informaci\u00f3n no<br \/>originar\u00e1 ninguna obligaci\u00f3n al divulgante de otorgar derecho alguno sobre dicha<br \/>informaci\u00f3n.<\/p>\n\n\n\n<p>QUINTA. SALVAGUARDA LABORAL<\/p>\n\n\n\n<p>Ambas partes reconocen que el presente convenio no podr\u00e1 interpretarse como<br \/>constitutivo de una relaci\u00f3n laboral, de asociaci\u00f3n, de sociedad, de licencia o de<br \/>cualquier otra \u00edndole.<br \/>SEXTA. SANCIONES<br \/>En caso de que la informaci\u00f3n confidencial compartida resulte revelada, divulgada o<br \/>utilizada por el receptor de cualquier forma distinta al objeto de este acuerdo, ya sea<br \/>de forma dolosa o por mera negligencia, habr\u00e1 de indemnizar al divulgante por los<br \/>da\u00f1os y perjuicios ocasionados.<br \/>Lo anterior, sin perjuicio de las acciones civiles o penales a las que este \u00faltimo tenga<br \/>derecho a interponer, de conformidad con la Ley de Propiedad Industrial, el C\u00f3digo<br \/>Penal Federal (delito de revelaci\u00f3n de secretos contemplado en los art\u00edculos 210,<br \/>211 y 211 bis) y dem\u00e1s leyes y disposiciones aplicables.<br \/>Todo esto, adem\u00e1s de las cantidades que se generen por concepto de gastos de<br \/>representaci\u00f3n legal con motivo de un procedimiento judicial.<\/p>\n\n\n\n<p>S\u00c9PTIMA. RESTITUCI\u00d3N O DESTRUCCI\u00d3N DE LA INFORMACI\u00d3N<br \/>CONFIDENCIAL<br \/>En caso de que la relaci\u00f3n contra\u00edda entre las partes se d\u00e9 por concluida, estas se<br \/>obligan a elecci\u00f3n de la parte divulgante, a devolver o destruir cualquier documento o<br \/>archivo facilitados en cualquier tipo de soporte, as\u00ed como las copias que en su caso<br \/>hayan sido obtenidas de los mismos, siempre que constituyan informaci\u00f3n amparada<br \/>por el deber de confidencialidad objeto del presente acuerdo.<br \/>En todo caso, el divulgante podr\u00e1 requerir la devoluci\u00f3n o destrucci\u00f3n de la<br \/>informaci\u00f3n que por cualquier medio haya compartido en cualquier momento, a<br \/>trav\u00e9s de la solicitud que por escrito formule al receptor. De no estipularse en la<br \/>solicitud un plazo para la devoluci\u00f3n o destrucci\u00f3n de la informaci\u00f3n, el receptor<br \/>deber\u00e1 devolver la informaci\u00f3n, as\u00ed como las copias que en su caso se hayan<br \/>obtenido, dentro de los 30 d\u00edas siguientes a la fecha en que reciba la solicitud.<\/p>\n\n\n\n<p>OCTAVA. VIGENCIA<br \/>Este acuerdo entrar\u00e1 en vigor desde el momento en que las partes lo firman,<br \/>extendi\u00e9ndose su vigencia despu\u00e9s de finalizada la relaci\u00f3n entre las partes o, en su<br \/>caso, la prestaci\u00f3n del servicio, hasta por un plazo de 5 (cinco) a\u00f1os.<\/p>\n\n\n\n<p>NOVENA. CESI\u00d3N DE DERECHOS<br \/>Los derechos y obligaciones derivados de este acuerdo no podr\u00e1n cederse a un<br \/>tercero.<\/p>\n\n\n\n<p>D\u00c9CIMA. MODIFICACIONES AL ACUERDO<br \/>El presente acuerdo solo puede ser modificado mediante convenio por escrito<br \/>suscrito por las partes contratantes.<\/p>\n\n\n\n<p>D\u00c9CIMA PRIMERA. COMUNICACI\u00d3N ENTRE LAS PARTES<br \/>Todo aviso o notificaci\u00f3n entre las partes respecto del objeto del presente acuerdo<br \/>deber\u00e1 ser por escrito en el domicilio se\u00f1alado por cada una de ellas.<br \/>En caso de que alguna de las partes cambie su domicilio deber\u00e1 comunicarlo a la<br \/>otra, a m\u00e1s tardar cinco d\u00edas antes de que tenga lugar el cambio de residencia, de lo<br \/>contrario las notificaciones hechas al anterior domicilio surtir\u00e1n todos sus efectos.<br \/>D\u00c9CIMA SEGUNDA. ABROGACI\u00d3N DE ACUERDOS ANTERIORES<br \/>Las partes reconocen y aceptan que este convenio y sus adiciones constituyen un<br \/>acuerdo total entre las partes con respecto al manejo de informaci\u00f3n confidencial,<br \/>por lo que desde el momento de su firma dejan sin efecto cualquier acuerdo o<br \/>negociaci\u00f3n previa, prevaleciendo lo dispuesto en este instrumento respecto de<br \/>cualquier otro acuerdo o convenio.<\/p>\n\n\n\n<p>D\u00c9CIMA TERCERA. JURISDICCI\u00d3N<br \/>En caso de que se presente un conflicto o discrepancia en relaci\u00f3n con la<br \/>interpretaci\u00f3n y\/o cumplimiento de este acuerdo, las partes se someten<br \/>expresamente a la jurisdicci\u00f3n de los Juzgados y Tribunales que conforme a derecho<br \/>deban conocer el asunto en raz\u00f3n del lugar en el que es firmado el acuerdo, con<br \/>renuncia a su propio fuero en caso de que este les aplique y sea procedente.<br \/>En se\u00f1al de expresa conformidad y aceptaci\u00f3n de los t\u00e9rminos recogidos en el<br \/>presente acuerdo, las partes lo firman por duplicado, en el lugar y fecha indicados al<br \/>comienzo del presente acuerdo.<br \/>DECIMA CUARTA. RESPONSABLE DEL TRATAMIENTO<br \/>Las partes somos responsables del tratamiento ya que tratamos los datos<br \/>personales de nuestros clientes y socios. A continuaci\u00f3n, encontrar\u00e1 nuestra<br \/>informaci\u00f3n de contacto.<br \/>\u25cf Grupo Empresarial Anmada<br \/>\u25cf Avenida L\u00e1zaro C\u00e1rdenas N\u00ba 318, Oficina 306. Col. Residencial San Agust\u00edn,<br \/>C.P. 66260, San Pedro Garza Garcia, Nuevo Le\u00f3n.<br \/>Si tiene preguntas sobre el tratamiento de sus datos, puede contactarnos a trav\u00e9s de<br \/>adrian.sanchez@grupoanmada.com<br \/>DECIMA QUINTA. TRATAMIENTO DE DATOS PERSONALES<br \/>Visitantes del sitio web<br \/>Cuando visita nuestro sitio web, utilizamos cookies para que el sitio web funcione.<br \/>Comunicaci\u00f3n con clientes potenciales.<br \/>Cuando tenga preguntas sobre nuestro sitio web o desee obtener m\u00e1s informaci\u00f3n<br \/>sobre nuestros servicios, puede contactarnos a trav\u00e9s de:<\/p>\n\n\n\n<p>\u25cf Formulario de contacto en p\u00e1gina web: https:\/\/grupoanmada.com\/<br \/>\u25cf Correo electr\u00f3nico: adrian.sanchez@grupoanmada.com<br \/>\u25cf Tel\u00e9fono: + (52) 811-8239570<\/p>\n\n\n\n<p>Con estos medios, trataremos su informaci\u00f3n personal para entablar un di\u00e1logo con<br \/>usted, por ejemplo, responder preguntas sobre nuestros servicios. Solo tratamos la<br \/>informaci\u00f3n que nos proporciona en relaci\u00f3n con nuestra comunicaci\u00f3n.<br \/>Por lo general, trataremos la siguiente informaci\u00f3n general: nombre, correo<br \/>electr\u00f3nico y n\u00famero de tel\u00e9fono.<br \/>Nuestra base legal para tratar estos datos personales es el art\u00edculo 6 (1) (f) del<br \/>RGPD.<br \/>Eliminaremos nuestra comunicaci\u00f3n con usted cuando est\u00e9 claro si desea utilizar<br \/>nuestros servicios o no.<br \/>Si existiera la necesidad en un caso particular de almacenar su informaci\u00f3n personal<br \/>por un per\u00edodo m\u00e1s prolongado, este podr\u00eda ser el caso.<br \/>Clientes<br \/>Nos comunicamos con nuestros clientes para garantizar que nuestros servicios se<br \/>entreguen correctamente. Podemos tratar informaci\u00f3n sobre nombre, direcci\u00f3n,<br \/>servicios, acuerdos especiales, informaci\u00f3n de pago, Etc.<\/p>\n\n\n\n<p>La base legal para tratar estos datos personales es el Art\u00edculo 6(1)(b) del<br \/>Reglamento General de Protecci\u00f3n de Datos.<br \/>Cuando se haya completado el servicio, junto con los pagos pendientes,<br \/>eliminaremos inmediatamente los datos personales.<br \/>DECIMA SEXTA. CONTABILIDAD<br \/>Almacenamos facturas y documentos similares con fines contables, incluida la<br \/>informaci\u00f3n personal general, como el nombre, la direcci\u00f3n y la descripci\u00f3n del<br \/>servicio. Debemos guardar todos los documentos contables del cumplimiento de las<br \/>leyes contables.<br \/>La base legal para el tratamiento de datos personales con fines contables es el<br \/>art\u00edculo 6 (1) (d) del Reglamento General de Protecci\u00f3n de Datos.<br \/>Almacenamos esta informaci\u00f3n durante un m\u00ednimo de 5 a\u00f1os despu\u00e9s del final del<br \/>a\u00f1o fiscal en curso.<br \/>DECIMA SEPTIMA. ENCARGADO DEL TRATAMIENTO<\/p>\n\n\n\n<p>Cooperamos con proveedores. Los proveedores externos pueden, por ejemplo,<br \/>proporcionar software utilizado para organizar nuestro trabajo, servicios,<br \/>consultor\u00eda, alojamiento de TI o marketing.<br \/>Es nuestra responsabilidad asegurarnos de que su informaci\u00f3n personal se procese<br \/>correctamente. Nuestros proveedores deben garantizar que su informaci\u00f3n personal<br \/>y la nuestra est\u00e9 protegida.<br \/>DECIMA OCTAVA. DIVULGACI\u00d3N DE INFORMACI\u00d3N PERSONAL<br \/>No divulgamos su informaci\u00f3n personal a terceros.<br \/>DECIMA NOVENA. MEDIDAS DE SEGURIDAD<br \/>Mantenemos el tratamiento de datos personales seguro al garantizar las medidas<br \/>t\u00e9cnicas y organizativas necesarias.<br \/>Hemos realizado evaluaciones de riesgo de nuestro tratamiento de datos personales.<br \/>Posteriormente, hemos introducido medidas de seguridad t\u00e9cnicas y organizativas<br \/>apropiadas para aumentar la seguridad del tratamiento.<br \/>Una de nuestras medidas m\u00e1s importantes es mantener a nuestros empleados<br \/>actualizados sobre el RGPD y la seguridad inform\u00e1tica mediante una formaci\u00f3n<br \/>continua de concienciaci\u00f3n sobre la seguridad, cursos sobre el RGPD y la revisi\u00f3n<br \/>de nuestros procedimientos de RGPD con los empleados.<br \/>VIGESIMA. DERECHOS DEL INTERESADO<br \/>De acuerdo con el Reglamento General de Protecci\u00f3n de Datos, tiene varios<br \/>derechos con respecto al tratamiento de sus datos.<br \/>Si quiere hacer uso de sus derechos, no dude en ponerse en contacto con nosotros<br \/>para que podamos ayudarle.<br \/>VIGESIMA PRIMERA. DERECHO DE ACCESO<br \/>Tiene derecho a acceder a la informaci\u00f3n que tratamos sobre usted.<br \/>VIGESIMA SEGUNDA. DERECHO A LA RECTIFICACI\u00d3N<br \/>Tiene derecho a que se corrija la informaci\u00f3n incorrecta sobre usted.<br \/>VIGESIMA TERCER. DERECHO DE SUPRESI\u00d3N (EL DERECHO AL OLVIDO)<br \/>En determinadas circunstancias, tiene derecho a que se elimine su informaci\u00f3n antes<br \/>de que se produzca nuestra eliminaci\u00f3n general.<br \/>VIGESIMA CUARTA. DERECHO A LA LIMITACI\u00d3N DEL TRATAMIENTO<br \/>En algunos casos, tiene derecho a que se restrinja el tratamiento de sus datos.<br \/>Solo podemos seguir tratando su informaci\u00f3n con su consentimiento o si tenemos un<br \/>inter\u00e9s leg\u00edtimo cuando esto ocurra. Todav\u00eda podemos almacenar sus datos.<\/p>\n\n\n\n<p>VIGESIMA QUINTA. DERECHO DE OPOSICI\u00d3N<br \/>En algunos casos, tiene derecho a oponerse a nuestro tratamiento legal de sus<br \/>datos. Tambi\u00e9n puede oponerse al tratamiento de su informaci\u00f3n para marketing<br \/>directo.<br \/>VIGESIMA SEXTA. DERECHO A LA PORTABILIDAD DE LOS DATOS<br \/>Tiene derecho a recibir una copia de su informaci\u00f3n personal en un formato<br \/>estructurado, de uso com\u00fan y legible por m\u00e1quina y a que esta informaci\u00f3n personal<br \/>se transfiera de un responsable del tratamiento a otro sin obst\u00e1culos.<br \/>VIGESIMA SEPTIMA. DERECHO A RETIRAR SU CONSENTIMIENTO.<br \/>Cuando nuestro tratamiento de sus datos se basa en su consentimiento, tiene<br \/>derecho a retirar su consentimiento.<br \/>VIGESIMA OCTAVA. RECLAMACI\u00d3N ANTE LA AGENCIA DE PROTECCI\u00d3N DE<br \/>DATOS<br \/>Tiene derecho a presentar una reclamaci\u00f3n ante la Agencia de Protecci\u00f3n de Datos<br \/>si no est\u00e1 satisfecho con el tratamiento que hacemos de sus datos.<br \/>En general, lo alentamos a que lea m\u00e1s sobre el RGPD para estar actualizada.<\/p>\n\t\t\t\t\t\t\t\t<\/div>\n\t\t\t\t\t<\/div>\n\t\t\t\t<\/div>\n\t\t\t\t<\/div>\n\t\t","protected":false},"excerpt":{"rendered":"<p>ACUERDO DE CONFIDENCIALIDAD, NO DIVULGACI\u00d3N, RESERVA, RESGUARDO DE INFORMACI\u00d3N Y DATOS PERSONALES.Monterrey, Nuevo Le\u00f3n a 17 de enero de 2025. El presente acuerdo lo celebran por una parte todo el personal que labora eninstalaciones de Grupo Empresarial Anmada, persona f\u00edsica con domicilio que laboraubicado en, m\u00e1s no limitativo:\uf0b7 Heberto Castillo Martinez N\u00ba 124, CP. 66367,&#8230;<\/p>\n","protected":false},"author":1,"featured_media":0,"parent":0,"menu_order":0,"comment_status":"closed","ping_status":"open","template":"","meta":{"footnotes":""},"class_list":["post-3","page","type-page","status-publish","hentry"],"_links":{"self":[{"href":"https:\/\/www.grupoanmada.com\/index.php?rest_route=\/wp\/v2\/pages\/3","targetHints":{"allow":["GET"]}}],"collection":[{"href":"https:\/\/www.grupoanmada.com\/index.php?rest_route=\/wp\/v2\/pages"}],"about":[{"href":"https:\/\/www.grupoanmada.com\/index.php?rest_route=\/wp\/v2\/types\/page"}],"author":[{"embeddable":true,"href":"https:\/\/www.grupoanmada.com\/index.php?rest_route=\/wp\/v2\/users\/1"}],"replies":[{"embeddable":true,"href":"https:\/\/www.grupoanmada.com\/index.php?rest_route=%2Fwp%2Fv2%2Fcomments&post=3"}],"version-history":[{"count":11,"href":"https:\/\/www.grupoanmada.com\/index.php?rest_route=\/wp\/v2\/pages\/3\/revisions"}],"predecessor-version":[{"id":3317,"href":"https:\/\/www.grupoanmada.com\/index.php?rest_route=\/wp\/v2\/pages\/3\/revisions\/3317"}],"wp:attachment":[{"href":"https:\/\/www.grupoanmada.com\/index.php?rest_route=%2Fwp%2Fv2%2Fmedia&parent=3"}],"curies":[{"name":"wp","href":"https:\/\/api.w.org\/{rel}","templated":true}]}}